{"id":90,"date":"2019-06-22T00:58:03","date_gmt":"2019-06-22T05:58:03","guid":{"rendered":"https:\/\/bajiorefrigeracion.com\/?page_id=90"},"modified":"2019-06-22T00:58:03","modified_gmt":"2019-06-22T05:58:03","slug":"nosotros","status":"publish","type":"page","link":"https:\/\/bajiorefrigeracion.com\/index.php\/nosotros\/","title":{"rendered":"Nosotros"},"content":{"rendered":"\n<p>Nosotros<\/p>\n\n\n\n<p>Baj\u00edo Refrigeraci\u00f3n S.A. de C.V.&nbsp;es una empresa 100% regiomontana,\ncontamos con m\u00e1s de 30 a\u00f1os en la Instalaci\u00f3n, Renovaci\u00f3n y Mantenimiento de\nCuartos Fr\u00edos, Cuartos de Congelaci\u00f3n, Cuartos Reach In.<\/p>\n\n\n\n<p>Nuestra Misi\u00f3n es Ofrecer al cliente soluciones integrales y precios\ncompetitivos en la Fabricaci\u00f3n, Montaje y mantenimiento de Cuartos fr\u00edos con\nlos mejores tiempos de respuesta.<\/p>\n\n\n\n<p>DISTRIBUIDOR AUTORIZADO DE WWW.BOHN.COM.MX <\/p>\n\n\n\n<p><img loading=\"lazy\" decoding=\"async\" width=\"116\" height=\"77\" class=\"wp-image-93\" style=\"width: 116px;\" src=\"https:\/\/bajiorefrigeracion.com\/wp-content\/uploads\/2019\/06\/Captura-de-pantalla-2019-06-22-a-las-00.56.38.png\" alt=\"\"><\/p>\n\n\n\n<figure class=\"wp-block-image\"><img loading=\"lazy\" decoding=\"async\" width=\"974\" height=\"507\" src=\"https:\/\/bajiorefrigeracion.com\/wp-content\/uploads\/2019\/06\/Captura-de-pantalla-2019-06-22-a-las-00.57.33.png\" alt=\"\" class=\"wp-image-94\" srcset=\"https:\/\/bajiorefrigeracion.com\/wp-content\/uploads\/2019\/06\/Captura-de-pantalla-2019-06-22-a-las-00.57.33.png 974w, https:\/\/bajiorefrigeracion.com\/wp-content\/uploads\/2019\/06\/Captura-de-pantalla-2019-06-22-a-las-00.57.33-300x156.png 300w, https:\/\/bajiorefrigeracion.com\/wp-content\/uploads\/2019\/06\/Captura-de-pantalla-2019-06-22-a-las-00.57.33-768x400.png 768w\" sizes=\"auto, (max-width: 974px) 100vw, 974px\" \/><\/figure>\n","protected":false},"excerpt":{"rendered":"<p>Nosotros Baj\u00edo Refrigeraci\u00f3n S.A. de C.V.&nbsp;es una empresa 100% regiomontana, contamos con m\u00e1s de 30 a\u00f1os en la Instalaci\u00f3n, Renovaci\u00f3n y Mantenimiento de Cuartos Fr\u00edos, Cuartos de Congelaci\u00f3n, Cuartos Reach In. Nuestra Misi\u00f3n es Ofrecer al cliente soluciones integrales y precios competitivos en la Fabricaci\u00f3n, Montaje y mantenimiento de Cuartos [&hellip;]<\/p>\n","protected":false},"author":1,"featured_media":91,"parent":0,"menu_order":0,"comment_status":"closed","ping_status":"closed","template":"","meta":{"footnotes":""},"class_list":["post-90","page","type-page","status-publish","has-post-thumbnail","hentry"],"_links":{"self":[{"href":"https:\/\/bajiorefrigeracion.com\/index.php\/wp-json\/wp\/v2\/pages\/90","targetHints":{"allow":["GET"]}}],"collection":[{"href":"https:\/\/bajiorefrigeracion.com\/index.php\/wp-json\/wp\/v2\/pages"}],"about":[{"href":"https:\/\/bajiorefrigeracion.com\/index.php\/wp-json\/wp\/v2\/types\/page"}],"author":[{"embeddable":true,"href":"https:\/\/bajiorefrigeracion.com\/index.php\/wp-json\/wp\/v2\/users\/1"}],"replies":[{"embeddable":true,"href":"https:\/\/bajiorefrigeracion.com\/index.php\/wp-json\/wp\/v2\/comments?post=90"}],"version-history":[{"count":2,"href":"https:\/\/bajiorefrigeracion.com\/index.php\/wp-json\/wp\/v2\/pages\/90\/revisions"}],"predecessor-version":[{"id":95,"href":"https:\/\/bajiorefrigeracion.com\/index.php\/wp-json\/wp\/v2\/pages\/90\/revisions\/95"}],"wp:featuredmedia":[{"embeddable":true,"href":"https:\/\/bajiorefrigeracion.com\/index.php\/wp-json\/wp\/v2\/media\/91"}],"wp:attachment":[{"href":"https:\/\/bajiorefrigeracion.com\/index.php\/wp-json\/wp\/v2\/media?parent=90"}],"curies":[{"name":"wp","href":"https:\/\/api.w.org\/{rel}","templated":true}]}}