{"id":96,"date":"2019-06-22T01:04:20","date_gmt":"2019-06-22T06:04:20","guid":{"rendered":"https:\/\/bajiorefrigeracion.com\/?page_id=96"},"modified":"2019-07-02T22:38:32","modified_gmt":"2019-07-03T03:38:32","slug":"servicios","status":"publish","type":"page","link":"https:\/\/bajiorefrigeracion.com\/index.php\/servicios\/","title":{"rendered":"Servicios"},"content":{"rendered":"\n<div class=\"wp-block-themeisle-blocks-advanced-columns has-1-columns has-desktop-equal-layout has-tablet-equal-layout has-mobile-equal-layout has-default-gap has-vertical-unset\" id=\"wp-block-themeisle-blocks-advanced-columns-81afcacd\" style=\"border-width:0px;border-style:solid;border-color:#000000;border-radius:0px;justify-content:unset\"><div class=\"wp-themeisle-block-overlay\" style=\"opacity:0.5;mix-blend-mode:normal\"><\/div><div class=\"innerblocks-wrap\">\n<div class=\"wp-block-themeisle-blocks-advanced-column\" id=\"wp-block-themeisle-blocks-advanced-column-57c89b7d\" style=\"border-width:0px;border-style:solid;border-color:#000000;border-radius:0px\">\n<p class=\"has-medium-font-size\"><strong>Servicios y Productos<\/strong><\/p>\n\n\n\n<p>En&nbsp;Baj\u00edo Refrigeraci\u00f3n S.A. de C.V.&nbsp;&nbsp;Contamos con el servicio de Dise\u00f1o, Fabricaci\u00f3n, Instalaci\u00f3n y Mantenimiento de Cuartos Fr\u00edos, Cuartos&nbsp;Congeladores y Pre-enfriados,&nbsp;as\u00ed como venta&nbsp;e instalaci\u00f3n&nbsp;de M\u00e1quinas de Hielo&nbsp;y Chillers.<br><br><\/p>\n\n\n\n<p><\/p>\n\n\n\n<p class=\"has-medium-font-size\"><\/p>\n\n\n\n<p><strong>Mantenimiento preventivo&nbsp;de Cuartos Fr\u00edos<\/strong><\/p>\n\n\n\n<p>Programamos\nvisitas de inspecci\u00f3n para realizar Calibraci\u00f3n, Limpieza, Lubricaci\u00f3n y\najustes que requiera el equipo<strong>&nbsp;<\/strong><br><br><\/p>\n\n\n\n<p class=\"has-medium-font-size\"><\/p>\n\n\n\n<p><strong>Mantenimiento correctivo&nbsp;de Cuartos Fr\u00edos<\/strong><\/p>\n\n\n\n<p>Corregimos fallas o defectos en el equipo o instalaci\u00f3n.<\/p>\n<\/div>\n<\/div><\/div>\n\n\n\n<div class=\"wp-block-themeisle-blocks-advanced-columns alignfull has-1-columns has-desktop-equal-layout has-tablet-equal-layout has-mobile-equal-layout has-nogap-gap has-vertical-unset\" id=\"wp-block-themeisle-blocks-advanced-columns-5b8316aa\" style=\"background-image:url( 'https:\/\/farm6.staticflickr.com\/5763\/21737775276_36e13cb7c7_h.jpg' );background-attachment:fixed;background-position:center center;background-repeat:repeat;background-size:cover;border-width:0px;border-style:solid;border-color:#000000;border-radius:0px;justify-content:center\"><div class=\"wp-themeisle-block-overlay\" style=\"background:#000000;opacity:0.7;mix-blend-mode:normal\"><\/div><div class=\"innerblocks-wrap\" style=\"max-width:1170px\">\n<div class=\"wp-block-themeisle-blocks-advanced-column\" id=\"wp-block-themeisle-blocks-advanced-column-d527456a\" style=\"border-width:0px;border-style:solid;border-color:#000000;border-radius:0px\">\n<p class=\"has-text-color has-large-font-size has-white-color\"><strong>Ventajas de fabricar un cuarto fr\u00edo con&nbsp;nosotros<\/strong><\/p>\n\n\n\n<p class=\"has-text-color has-white-color\"><strong>Instalaci\u00f3n Personalizada y a la medida<\/strong><\/p>\n\n\n\n<p class=\"has-text-color has-white-color\"><strong>Poco mantenimiento<\/strong><\/p>\n\n\n\n<p class=\"has-text-color has-white-color\"><strong>Garant\u00eda en el Equipo<\/strong><\/p>\n\n\n\n<p class=\"has-text-color has-white-color\"><strong>Bajo consumo de energ\u00eda<\/strong><\/p>\n\n\n\n<p class=\"has-text-color has-white-color\"><strong>Precio<\/strong><\/p>\n<\/div>\n<\/div><\/div>\n\n\n\n<div class=\"wp-block-themeisle-blocks-advanced-columns has-2-columns has-desktop-equal-layout has-tablet-equal-layout has-mobile-collapsedRows-layout has-default-gap has-vertical-unset\" id=\"wp-block-themeisle-blocks-advanced-columns-b117a910\" style=\"border-width:0px;border-style:solid;border-color:#000000;border-radius:0px;justify-content:unset\"><div class=\"wp-themeisle-block-overlay\" style=\"opacity:0.5;mix-blend-mode:normal\"><\/div><div class=\"innerblocks-wrap\">\n<div class=\"wp-block-themeisle-blocks-advanced-column\" id=\"wp-block-themeisle-blocks-advanced-column-6840d151\" style=\"border-width:0px;border-style:solid;border-color:#000000;border-radius:0px\">\n<p><strong>Refrigeraci\u00f3n Comercial e Industrial&nbsp;<\/strong><\/p>\n\n\n\n<ul class=\"wp-block-list\"><li>Rastros<\/li><\/ul>\n\n\n\n<ul class=\"wp-block-list\"><li>Empacadoras<\/li><\/ul>\n\n\n\n<ul class=\"wp-block-list\"><li>Plantas procesadoras&nbsp;<\/li><\/ul>\n\n\n\n<ul class=\"wp-block-list\"><li>Centros de Distribuci\u00f3n<\/li><\/ul>\n\n\n\n<ul class=\"wp-block-list\"><li>Mercados de Abasto<\/li><\/ul>\n\n\n\n<ul class=\"wp-block-list\"><li>Empresas farmac\u00e9uticas<\/li><\/ul>\n\n\n\n<ul class=\"wp-block-list\"><li>Restaurantes<\/li><\/ul>\n\n\n\n<ul class=\"wp-block-list\"><li>Hoteles<\/li><\/ul>\n\n\n\n<ul class=\"wp-block-list\"><li>Tiendas de conveniencia Florer\u00edas<\/li><\/ul>\n\n\n\n<ul class=\"wp-block-list\"><li> Pasteler\u00edas <\/li><\/ul>\n<\/div>\n\n\n\n<div class=\"wp-block-themeisle-blocks-advanced-column\" id=\"wp-block-themeisle-blocks-advanced-column-0e853f12\" style=\"border-width:0px;border-style:solid;border-color:#000000;border-radius:0px\">\n<p><strong>Productos para Cuartos Fr\u00edos<\/strong><\/p>\n\n\n\n<ul class=\"wp-block-list\"><li>Accesorios y Refacciones<\/li><\/ul>\n\n\n\n<ul class=\"wp-block-list\"><li>Puertas&nbsp;de Acceso<\/li><\/ul>\n\n\n\n<ul class=\"wp-block-list\"><li>Puertas Reach In<\/li><\/ul>\n\n\n\n<ul class=\"wp-block-list\"><li>Cortinas&nbsp;Hawaianas<\/li><\/ul>\n\n\n\n<ul class=\"wp-block-list\"><li>Controles<\/li><\/ul>\n\n\n\n<ul class=\"wp-block-list\"><li>Motores<\/li><\/ul>\n\n\n\n<ul class=\"wp-block-list\"><li>Compresores&nbsp;<\/li><\/ul>\n\n\n\n<ul class=\"wp-block-list\"><li>Sistemas aislantes<\/li><\/ul>\n\n\n\n<ul class=\"wp-block-list\"><li>V\u00e1lvulas<\/li><\/ul>\n\n\n\n<ul class=\"wp-block-list\"><li>Bombas<\/li><\/ul>\n\n\n\n<ul class=\"wp-block-list\"><li>Capacitores<\/li><\/ul>\n\n\n\n<ul class=\"wp-block-list\"><li>Gas refrigerante<\/li><\/ul>\n\n\n\n<ul class=\"wp-block-list\"><li>Evaporadoras<\/li><\/ul>\n\n\n\n<ul class=\"wp-block-list\"><li>Condensadoras<\/li><\/ul>\n\n\n\n<ul class=\"wp-block-list\"><li>F\u00e1bricas de Hielo<\/li><\/ul>\n\n\n\n<ul class=\"wp-block-list\"><li>Chillers<\/li><\/ul>\n\n\n\n<ul class=\"wp-block-list\"><li>RACKS para Refrigeraci\u00f3n<\/li><\/ul>\n<\/div>\n<\/div><\/div>\n\n\n\n<h2 id=\"wp-block-themeisle-blocks-advanced-heading-0b847906\" class=\"wp-block-themeisle-blocks-advanced-heading wp-block-themeisle-blocks-advanced-heading-0b847906\" style=\"color:#000000;font-style:normal;text-transform:none;line-height:124px;letter-spacing:0\"><strong>M\u00e1quinas de hielo<\/strong><\/h2>\n\n\n\n<div class=\"wp-block-columns has-2-columns is-layout-flex wp-container-core-columns-is-layout-1 wp-block-columns-is-layout-flex\">\n<div class=\"wp-block-column is-layout-flow wp-block-column-is-layout-flow\">\n<div class=\"wp-block-image\"><figure class=\"aligncenter\"><img loading=\"lazy\" decoding=\"async\" width=\"320\" height=\"553\" src=\"https:\/\/bajiorefrigeracion.com\/wp-content\/uploads\/2019\/07\/WhatsApp-Image-2019-07-02-at-6.08.42-PM.jpeg\" alt=\"\" class=\"wp-image-199\" srcset=\"https:\/\/bajiorefrigeracion.com\/wp-content\/uploads\/2019\/07\/WhatsApp-Image-2019-07-02-at-6.08.42-PM.jpeg 320w, https:\/\/bajiorefrigeracion.com\/wp-content\/uploads\/2019\/07\/WhatsApp-Image-2019-07-02-at-6.08.42-PM-174x300.jpeg 174w\" sizes=\"auto, (max-width: 320px) 100vw, 320px\" \/><\/figure><\/div>\n\n\n\n<p style=\"text-align:center\"><strong>F\u00e1brica de hielo en escama<\/strong><\/p>\n<\/div>\n\n\n\n<div class=\"wp-block-column is-layout-flow wp-block-column-is-layout-flow\">\n<div class=\"wp-block-image\"><figure class=\"aligncenter is-resized\"><img loading=\"lazy\" decoding=\"async\" src=\"https:\/\/bajiorefrigeracion.com\/wp-content\/uploads\/2019\/07\/WhatsApp-Image-2019-07-02-at-6.08.15-PM.jpeg\" alt=\"\" class=\"wp-image-198\" width=\"281\" height=\"568\"\/><\/figure><\/div>\n\n\n\n<p style=\"text-align:center\"><strong>F\u00e1brica de hielo en cilindro<\/strong><\/p>\n<\/div>\n<\/div>\n","protected":false},"excerpt":{"rendered":"<p>F\u00e1brica de hielo en escama F\u00e1brica de hielo en cilindro<\/p>\n","protected":false},"author":1,"featured_media":97,"parent":0,"menu_order":0,"comment_status":"closed","ping_status":"closed","template":"","meta":{"footnotes":""},"class_list":["post-96","page","type-page","status-publish","has-post-thumbnail","hentry"],"_links":{"self":[{"href":"https:\/\/bajiorefrigeracion.com\/index.php\/wp-json\/wp\/v2\/pages\/96","targetHints":{"allow":["GET"]}}],"collection":[{"href":"https:\/\/bajiorefrigeracion.com\/index.php\/wp-json\/wp\/v2\/pages"}],"about":[{"href":"https:\/\/bajiorefrigeracion.com\/index.php\/wp-json\/wp\/v2\/types\/page"}],"author":[{"embeddable":true,"href":"https:\/\/bajiorefrigeracion.com\/index.php\/wp-json\/wp\/v2\/users\/1"}],"replies":[{"embeddable":true,"href":"https:\/\/bajiorefrigeracion.com\/index.php\/wp-json\/wp\/v2\/comments?post=96"}],"version-history":[{"count":25,"href":"https:\/\/bajiorefrigeracion.com\/index.php\/wp-json\/wp\/v2\/pages\/96\/revisions"}],"predecessor-version":[{"id":214,"href":"https:\/\/bajiorefrigeracion.com\/index.php\/wp-json\/wp\/v2\/pages\/96\/revisions\/214"}],"wp:featuredmedia":[{"embeddable":true,"href":"https:\/\/bajiorefrigeracion.com\/index.php\/wp-json\/wp\/v2\/media\/97"}],"wp:attachment":[{"href":"https:\/\/bajiorefrigeracion.com\/index.php\/wp-json\/wp\/v2\/media?parent=96"}],"curies":[{"name":"wp","href":"https:\/\/api.w.org\/{rel}","templated":true}]}}